{"id":925,"date":"2023-10-13T13:36:54","date_gmt":"2023-10-13T11:36:54","guid":{"rendered":"https:\/\/www.diamtech.fr\/?post_type=product&#038;p=925"},"modified":"2024-02-05T15:43:32","modified_gmt":"2024-02-05T14:43:32","slug":"meche-dia-nesting-z11-mmo-124","status":"publish","type":"product","link":"https:\/\/www.diamtech.fr\/index.php\/produit\/meche-dia-nesting-z11-mmo-124\/","title":{"rendered":"M\u00e8che DIA Nesting Z1+1 &#8211; MMO 124"},"content":{"rendered":"<p style=\"text-align: center\"><u><b><i>MECHE<\/i><\/b><\/u><u><b><i> DIA Z1+1 Coupe Droite pour usinage NESTING<\/i><\/b><\/u><\/p>\n<p style=\"text-align: center\"><i>Ht <\/i><i>plaquettes 3,5mm (aff\u00fbtable 4\/5 fois)<\/i><\/p>\n<p style=\"text-align: center\"><i>M\u00e8che diamant Z2 avec axialit\u00e9 altern\u00e9e des coupes (une coupe positive + une coupe n\u00e9gative), corps de la m\u00e8che en HM int\u00e9gral, coupe en bout DIA. Recommand\u00e9e pour le traitement de mat\u00e9riaux compacts tels que HDF, HPL, panneaux en fibre de carbone<\/i><\/p>\n<p><img loading=\"lazy\" decoding=\"async\" class=\" wp-image-929 aligncenter\" src=\"https:\/\/www.diamtech.fr\/wp-content\/uploads\/2021\/04\/Mati\u00e8res-124.jpg\" alt=\"\" width=\"721\" height=\"172\" srcset=\"https:\/\/www.diamtech.fr\/wp-content\/uploads\/2021\/04\/Mati\u00e8res-124.jpg 822w, https:\/\/www.diamtech.fr\/wp-content\/uploads\/2021\/04\/Mati\u00e8res-124-300x72.jpg 300w, https:\/\/www.diamtech.fr\/wp-content\/uploads\/2021\/04\/Mati\u00e8res-124-768x183.jpg 768w, https:\/\/www.diamtech.fr\/wp-content\/uploads\/2021\/04\/Mati\u00e8res-124-480x114.jpg 480w, https:\/\/www.diamtech.fr\/wp-content\/uploads\/2021\/04\/Mati\u00e8res-124-600x143.jpg 600w\" sizes=\"(max-width: 721px) 100vw, 721px\" \/><\/p>\n<p><img loading=\"lazy\" decoding=\"async\" class=\"wp-image-930 aligncenter\" src=\"https:\/\/www.diamtech.fr\/wp-content\/uploads\/2021\/04\/Visuel-124.png\" alt=\"\" width=\"528\" height=\"195\" srcset=\"https:\/\/www.diamtech.fr\/wp-content\/uploads\/2021\/04\/Visuel-124.png 528w, https:\/\/www.diamtech.fr\/wp-content\/uploads\/2021\/04\/Visuel-124-480x177.png 480w\" sizes=\"(min-width: 0px) and (max-width: 480px) 480px, (min-width: 481px) 528px, 100vw\" \/><\/p>\n<p><img loading=\"lazy\" decoding=\"async\" class=\"wp-image-2410 aligncenter\" src=\"https:\/\/www.diamtech.fr\/wp-content\/uploads\/2023\/06\/Meche-DIA-MMO124-1.png\" alt=\"\" width=\"679\" height=\"400\" \/><\/p>\n","protected":false},"excerpt":{"rendered":"<p>MECHE DIA Z1+1 Coupe Droite pour usinage NESTING Ht plaquettes 3,5mm (aff\u00fbtable 4\/5 fois) M\u00e8che diamant Z2 avec axialit\u00e9 altern\u00e9e des coupes (une coupe positive + une coupe n\u00e9gative), corps de la m\u00e8che en HM int\u00e9gral, coupe en bout DIA. Recommand\u00e9e pour le traitement de mat\u00e9riaux compacts tels que HDF, HPL, panneaux en fibre de [&hellip;]<\/p>\n","protected":false},"featured_media":2420,"template":"","meta":{"_et_pb_use_builder":"","_et_pb_old_content":"","_et_gb_content_width":""},"product_cat":[126],"product_tag":[],"_links":{"self":[{"href":"https:\/\/www.diamtech.fr\/index.php\/wp-json\/wp\/v2\/product\/925"}],"collection":[{"href":"https:\/\/www.diamtech.fr\/index.php\/wp-json\/wp\/v2\/product"}],"about":[{"href":"https:\/\/www.diamtech.fr\/index.php\/wp-json\/wp\/v2\/types\/product"}],"wp:featuredmedia":[{"embeddable":true,"href":"https:\/\/www.diamtech.fr\/index.php\/wp-json\/wp\/v2\/media\/2420"}],"wp:attachment":[{"href":"https:\/\/www.diamtech.fr\/index.php\/wp-json\/wp\/v2\/media?parent=925"}],"wp:term":[{"taxonomy":"product_cat","embeddable":true,"href":"https:\/\/www.diamtech.fr\/index.php\/wp-json\/wp\/v2\/product_cat?post=925"},{"taxonomy":"product_tag","embeddable":true,"href":"https:\/\/www.diamtech.fr\/index.php\/wp-json\/wp\/v2\/product_tag?post=925"}],"curies":[{"name":"wp","href":"https:\/\/api.w.org\/{rel}","templated":true}]}}