{"id":537,"date":"2020-10-30T14:56:07","date_gmt":"2020-10-30T13:56:07","guid":{"rendered":"https:\/\/www.diamtech.fr\/?post_type=product&#038;p=537"},"modified":"2024-02-05T16:06:43","modified_gmt":"2024-02-05T15:06:43","slug":"mmo-102-meche-diamant-helicoidale-z22-coupes","status":"publish","type":"product","link":"https:\/\/www.diamtech.fr\/index.php\/produit\/mmo-102-meche-diamant-helicoidale-z22-coupes\/","title":{"rendered":"M\u00e8che Diamant H\u00e9lico\u00efdale Z2+2 Coupes &#8211; MMO 102"},"content":{"rendered":"<p style=\"text-align: center\"><u><b><i>MECHE<\/i><\/b><\/u><u><b><i> DIAMANT HELICOIDALE Z2+2 COUPES <\/i><\/b><\/u><\/p>\n<p style=\"text-align: center\"><i>Ht<\/i><i> plaquettes 2.5mm (aff\u00fbtable 2 \u00e0 3 fois).<\/i><\/p>\n<p style=\"text-align: center\"><i>M\u00e8che Diamant Z2+2, dans la partie sup\u00e9rieure et inf\u00e9rieure de coupe, avec plaquette \u00e9conomique H2,5 mm (max 3 r\u00e9aff\u00fbtage), 4 divisions h\u00e9lico\u00efdales, premi\u00e8re plaquette positive avec le reste des plaquettes n\u00e9gatives. Plaquette de per\u00e7age HM, angle axial 20 \u00b0<\/i><i> <\/i><i>Corps de l\u2019outil en acier sp\u00e9cial.<\/i><\/p>\n<p><img loading=\"lazy\" decoding=\"async\" class=\"wp-image-547 aligncenter\" src=\"https:\/\/www.diamtech.fr\/wp-content\/uploads\/2020\/10\/picto-caracteristiques-mmo102.jpg\" alt=\"\" width=\"760\" height=\"65\" srcset=\"https:\/\/www.diamtech.fr\/wp-content\/uploads\/2020\/10\/picto-caracteristiques-mmo102.jpg 760w, https:\/\/www.diamtech.fr\/wp-content\/uploads\/2020\/10\/picto-caracteristiques-mmo102-480x41.jpg 480w\" sizes=\"(min-width: 0px) and (max-width: 480px) 480px, (min-width: 481px) 760px, 100vw\" \/><img loading=\"lazy\" decoding=\"async\" class=\"wp-image-2492 aligncenter\" src=\"https:\/\/www.diamtech.fr\/wp-content\/uploads\/2020\/10\/Meche-DIA-MMO-102-1.png\" alt=\"\" width=\"686\" height=\"114\" \/><\/p>\n<p><img loading=\"lazy\" decoding=\"async\" class=\"wp-image-2494 aligncenter\" src=\"https:\/\/www.diamtech.fr\/wp-content\/uploads\/2020\/10\/Meche-DIA-MMO-102.png\" alt=\"\" width=\"775\" height=\"346\" \/><\/p>\n<p>&nbsp;<\/p>\n<p>&nbsp;<\/p>\n<p>&nbsp;<\/p>\n<p>&nbsp;<\/p>\n<p>&nbsp;<\/p>\n","protected":false},"excerpt":{"rendered":"<p>MECHE DIAMANT HELICOIDALE Z2+2 COUPES Ht plaquettes 2.5mm (aff\u00fbtable 2 \u00e0 3 fois). M\u00e8che Diamant Z2+2, dans la partie sup\u00e9rieure et inf\u00e9rieure de coupe, avec plaquette \u00e9conomique H2,5 mm (max 3 r\u00e9aff\u00fbtage), 4 divisions h\u00e9lico\u00efdales, premi\u00e8re plaquette positive avec le reste des plaquettes n\u00e9gatives. Plaquette de per\u00e7age HM, angle axial 20 \u00b0 Corps de l\u2019outil [&hellip;]<\/p>\n","protected":false},"featured_media":645,"template":"","meta":{"_et_pb_use_builder":"off","_et_pb_old_content":"<u><b><i>MECHE<\/i><\/b><\/u><u><b><i> DIAMANT HELICOIDALE Z2+2 COUPES <\/i><\/b><\/u>\r\n\r\n<i>Ht<\/i><i> plaquettes 2.5 mm (aff\u00fbtable 2 \u00e0 3 fois).<\/i>\r\n\r\n<i>M\u00e8che Diamant Z2+2, dans la partie sup\u00e9rieure et inf\u00e9rieure de coupe, avec plaquette \u00e9conomique H2,5 mm (max 3 r\u00e9aff\u00fbtage), 4 divisions h\u00e9lico\u00efdales, premi\u00e8re plaquette positive avec le reste des plaquettes n\u00e9gatives. Plaquette de per\u00e7age HM, angle axial 20 \u00b0<\/i><i>\r\n<\/i><i>Corps de l\u2019outil en acier sp\u00e9cial.<\/i>\r\n\r\n<img class=\"wp-image-547 size-full alignleft\" src=\"https:\/\/www.diamtech.fr\/wp-content\/uploads\/2020\/10\/picto-caracteristiques-mmo102.jpg\" alt=\"\" width=\"852\" height=\"73\" \/>\r\n\r\n\u00a0\r\n\r\n\u00a0\r\n\r\n<img class=\"size-full wp-image-513 alignleft\" src=\"https:\/\/www.diamtech.fr\/wp-content\/uploads\/2020\/10\/materiaux-mmo101.jpg\" alt=\"\" width=\"470\" height=\"74\" \/>\r\n\r\n\u00a0\r\n\r\n\u00a0\r\n\r\n<img class=\"aligncenter wp-image-548 size-full\" src=\"https:\/\/www.diamtech.fr\/wp-content\/uploads\/2020\/10\/detail-photo-produit-mmo102.jpg\" alt=\"\" width=\"379\" height=\"160\" \/>\r\n<table style=\"width: 940px\">\r\n<tbody>\r\n<tr>\r\n<td style=\"width: 155px\"><b>R\u00e9f Rot\u00a0 Droite<\/b><\/td>\r\n<td style=\"width: 149.715px\"><b>R\u00e9f Rot\u00a0 Gauche<\/b><\/td>\r\n<td style=\"width: 32.2847px\"><b>\u00d8<\/b><\/td>\r\n<td style=\"width: 30px\"><b>Lu<\/b><\/td>\r\n<td style=\"width: 57px\"><b>DS\/LS<\/b><\/td>\r\n<td style=\"width: 38px\"><b>Lt<\/b><\/td>\r\n<td style=\"width: 47px\"><b>A <\/b><b>Ass<\/b><\/td>\r\n<td style=\"width: 46px\"><b>Div<\/b><\/td>\r\n<td style=\"width: 82px\"><b>Z <\/b><b>Tot<\/b><\/td>\r\n<td style=\"width: 39px\"><b>H<\/b><\/td>\r\n<td style=\"width: 66px\"><img class=\"aligncenter size-full wp-image-534\" src=\"https:\/\/www.diamtech.fr\/wp-content\/uploads\/2020\/10\/Sans-titre-4.jpg\" alt=\"\" width=\"49\" height=\"17\" \/><\/td>\r\n<td style=\"width: 117px\"><img class=\"aligncenter size-full wp-image-535\" src=\"https:\/\/www.diamtech.fr\/wp-content\/uploads\/2020\/10\/Sans-titre-5.jpg\" alt=\"\" width=\"35\" height=\"25\" \/><\/td>\r\n<\/tr>\r\n<tr>\r\n<td style=\"width: 155px\"><b>MMO\u00a0 102.1234.12.R<\/b><\/td>\r\n<td style=\"width: 149.715px\"><b>MMO 102.1234.12.L<\/b><\/td>\r\n<td style=\"width: 32.2847px\">12<\/td>\r\n<td style=\"width: 30px\">34<\/td>\r\n<td style=\"width: 57px\">12x40<\/td>\r\n<td style=\"width: 38px\">84<\/td>\r\n<td style=\"width: 47px\">10\u00b0<\/td>\r\n<td style=\"width: 46px\">2+2<\/td>\r\n<td style=\"width: 82px\">8DP+1HM<\/td>\r\n<td style=\"width: 39px\">2,5<\/td>\r\n<td style=\"width: 66px\">6 ml\/1\u2019<\/td>\r\n<td style=\"width: 117px\">18.000\/24.000<\/td>\r\n<\/tr>\r\n<tr>\r\n<td style=\"width: 155px\"><b>MMO\u00a0 102.1627.16.R<\/b><\/td>\r\n<td style=\"width: 149.715px\"><b>MMO 102.1627.16.L<\/b><\/td>\r\n<td style=\"width: 32.2847px\">16<\/td>\r\n<td style=\"width: 30px\">27<\/td>\r\n<td style=\"width: 57px\">16x50<\/td>\r\n<td style=\"width: 38px\">85<\/td>\r\n<td style=\"width: 47px\">18\u00b0<\/td>\r\n<td style=\"width: 46px\">2+2<\/td>\r\n<td style=\"width: 82px\">6DP+1HM<\/td>\r\n<td style=\"width: 39px\">2,5<\/td>\r\n<td style=\"width: 66px\">10 ml\/1\u2019<\/td>\r\n<td style=\"width: 117px\">18.000\/24.000<\/td>\r\n<\/tr>\r\n<tr>\r\n<td style=\"width: 155px\"><b>MMO\u00a0 102.1634.16.R<\/b><\/td>\r\n<td style=\"width: 149.715px\"><b>MMO 102.1634.16.L<\/b><\/td>\r\n<td style=\"width: 32.2847px\">16<\/td>\r\n<td style=\"width: 30px\">34<\/td>\r\n<td style=\"width: 57px\">16x50<\/td>\r\n<td style=\"width: 38px\">94<\/td>\r\n<td style=\"width: 47px\">18\u00b0<\/td>\r\n<td style=\"width: 46px\">2+2<\/td>\r\n<td style=\"width: 82px\">8DP+1HM<\/td>\r\n<td style=\"width: 39px\">2,5<\/td>\r\n<td style=\"width: 66px\">10 ml\/1\u2019<\/td>\r\n<td style=\"width: 117px\">18.000\/24.000<\/td>\r\n<\/tr>\r\n<tr>\r\n<td style=\"width: 155px\"><b>MMO\u00a0 102.1827.20.R<\/b><\/td>\r\n<td style=\"width: 149.715px\"><b>MMO 102.1827.20.L<\/b><\/td>\r\n<td style=\"width: 32.2847px\">18<\/td>\r\n<td style=\"width: 30px\">27<\/td>\r\n<td style=\"width: 57px\">20x50<\/td>\r\n<td style=\"width: 38px\">85<\/td>\r\n<td style=\"width: 47px\">20\u00b0<\/td>\r\n<td style=\"width: 46px\">2+2<\/td>\r\n<td style=\"width: 82px\">6DP+1HM<\/td>\r\n<td style=\"width: 39px\">2,5<\/td>\r\n<td style=\"width: 66px\">10 ml\/1\u2019<\/td>\r\n<td style=\"width: 117px\">18.000\/24.000<\/td>\r\n<\/tr>\r\n<tr>\r\n<td style=\"width: 155px\"><b>MMO\u00a0 102.1834.20.R<\/b><\/td>\r\n<td style=\"width: 149.715px\"><b>MMO 102.1834.20.L<\/b><\/td>\r\n<td style=\"width: 32.2847px\">18<\/td>\r\n<td style=\"width: 30px\">34<\/td>\r\n<td style=\"width: 57px\">20x50<\/td>\r\n<td style=\"width: 38px\">94<\/td>\r\n<td style=\"width: 47px\">20\u00b0<\/td>\r\n<td style=\"width: 46px\">2+2<\/td>\r\n<td style=\"width: 82px\">8DP+1HM<\/td>\r\n<td style=\"width: 39px\">2,5<\/td>\r\n<td style=\"width: 66px\">10 ml\/1\u2019<\/td>\r\n<td style=\"width: 117px\">18.000\/24.000<\/td>\r\n<\/tr>\r\n<tr>\r\n<td style=\"width: 155px\"><b>MMO\u00a0 102.1843.20.R<\/b><\/td>\r\n<td style=\"width: 149.715px\"><b>MMO 102.1843.20.L<\/b><\/td>\r\n<td style=\"width: 32.2847px\">18<\/td>\r\n<td style=\"width: 30px\">43<\/td>\r\n<td style=\"width: 57px\">20x50<\/td>\r\n<td style=\"width: 38px\">103<\/td>\r\n<td style=\"width: 47px\">20\u00b0<\/td>\r\n<td style=\"width: 46px\">2+2<\/td>\r\n<td style=\"width: 82px\">10DP +1HM<\/td>\r\n<td style=\"width: 39px\">2,5<\/td>\r\n<td style=\"width: 66px\">10 ml\/1\u2019<\/td>\r\n<td style=\"width: 117px\">18.000\/24.000<\/td>\r\n<\/tr>\r\n<tr>\r\n<td style=\"width: 155px\"><b>MMO\u00a0 102.2027.20.R<\/b><\/td>\r\n<td style=\"width: 149.715px\"><b>MMO 102.2027.20.L<\/b><\/td>\r\n<td style=\"width: 32.2847px\">20<\/td>\r\n<td style=\"width: 30px\">27<\/td>\r\n<td style=\"width: 57px\">20x50<\/td>\r\n<td style=\"width: 38px\">85<\/td>\r\n<td style=\"width: 47px\">20\u00b0<\/td>\r\n<td style=\"width: 46px\">2+2<\/td>\r\n<td style=\"width: 82px\">6DP+1HM<\/td>\r\n<td style=\"width: 39px\">2,5<\/td>\r\n<td style=\"width: 66px\">10 ml\/1\u2019<\/td>\r\n<td style=\"width: 117px\">18.000\/24.000<\/td>\r\n<\/tr>\r\n<tr>\r\n<td style=\"width: 155px\"><b>MMO\u00a0 102.2043.20.R<\/b><\/td>\r\n<td style=\"width: 149.715px\"><b>MMO 102.2043.20.L<\/b><\/td>\r\n<td style=\"width: 32.2847px\">20<\/td>\r\n<td style=\"width: 30px\">43<\/td>\r\n<td style=\"width: 57px\">20x50<\/td>\r\n<td style=\"width: 38px\">103<\/td>\r\n<td style=\"width: 47px\">20\u00b0<\/td>\r\n<td style=\"width: 46px\">2+2<\/td>\r\n<td style=\"width: 82px\">10DP+1HM<\/td>\r\n<td style=\"width: 39px\">2,5<\/td>\r\n<td style=\"width: 66px\">10 ml\/1\u2019<\/td>\r\n<td style=\"width: 117px\">18.000\/24.000<\/td>\r\n<\/tr>\r\n<\/tbody>\r\n<\/table>\r\n\u00a0\r\n\r\n<span style=\"font-size: 20px\"><b>Nota: les m\u00e8ches en rotation gauche ne sont pas en stock, elles sont disponibles sur commande uniquement.<\/b><\/span>","_et_gb_content_width":""},"product_cat":[94],"product_tag":[],"_links":{"self":[{"href":"https:\/\/www.diamtech.fr\/index.php\/wp-json\/wp\/v2\/product\/537"}],"collection":[{"href":"https:\/\/www.diamtech.fr\/index.php\/wp-json\/wp\/v2\/product"}],"about":[{"href":"https:\/\/www.diamtech.fr\/index.php\/wp-json\/wp\/v2\/types\/product"}],"wp:featuredmedia":[{"embeddable":true,"href":"https:\/\/www.diamtech.fr\/index.php\/wp-json\/wp\/v2\/media\/645"}],"wp:attachment":[{"href":"https:\/\/www.diamtech.fr\/index.php\/wp-json\/wp\/v2\/media?parent=537"}],"wp:term":[{"taxonomy":"product_cat","embeddable":true,"href":"https:\/\/www.diamtech.fr\/index.php\/wp-json\/wp\/v2\/product_cat?post=537"},{"taxonomy":"product_tag","embeddable":true,"href":"https:\/\/www.diamtech.fr\/index.php\/wp-json\/wp\/v2\/product_tag?post=537"}],"curies":[{"name":"wp","href":"https:\/\/api.w.org\/{rel}","templated":true}]}}