{"id":511,"date":"2020-10-30T11:38:58","date_gmt":"2020-10-30T10:38:58","guid":{"rendered":"https:\/\/www.diamtech.fr\/?post_type=product&#038;p=511"},"modified":"2024-02-05T16:13:48","modified_gmt":"2024-02-05T15:13:48","slug":"mmo-101-meche-diamant-helicoidale-z11-coupe","status":"publish","type":"product","link":"https:\/\/www.diamtech.fr\/index.php\/produit\/mmo-101-meche-diamant-helicoidale-z11-coupe\/","title":{"rendered":"M\u00e8che Diamant H\u00e9lico\u00efdale Z1+1 Coupe &#8211; MMO 101"},"content":{"rendered":"<p style=\"text-align: center\"><u><b><i>MECHE<\/i><\/b><\/u><u><b><i> DIAMANT\u00a0 HELICO\u00cfDALE Z 1+1 COUPE SUR 3 DIVISIONS<\/i><\/b><\/u><\/p>\n<p style=\"text-align: center\"><i>Ht<\/i><i> plaquettes 2,5<\/i><i>mm (aff\u00fbtable 2 \u00e0 3 fois).<br \/>\n<\/i><i>M\u00e8che Diamant Z1 + 1, plaquettes diamant \u00e9conomique H 2,5 mm r\u00e9aff\u00fbtable 3 fois maximum. 3 divisions en h\u00e9lice, premi\u00e8re plaquette positive, le reste n\u00e9gatif. Plaquette de per\u00e7age HM et corps acier.<\/i><img loading=\"lazy\" decoding=\"async\" class=\"wp-image-512 aligncenter\" src=\"https:\/\/www.diamtech.fr\/wp-content\/uploads\/2020\/10\/picto-caracteristiques-mmo101.jpg\" alt=\"\" width=\"620\" height=\"53\" srcset=\"https:\/\/www.diamtech.fr\/wp-content\/uploads\/2020\/10\/picto-caracteristiques-mmo101.jpg 620w, https:\/\/www.diamtech.fr\/wp-content\/uploads\/2020\/10\/picto-caracteristiques-mmo101-480x41.jpg 480w\" sizes=\"(min-width: 0px) and (max-width: 480px) 480px, (min-width: 481px) 620px, 100vw\" \/><\/p>\n<p style=\"text-align: center\"><img loading=\"lazy\" decoding=\"async\" class=\"wp-image-513 aligncenter\" src=\"https:\/\/www.diamtech.fr\/wp-content\/uploads\/2020\/10\/materiaux-mmo101.jpg\" alt=\"\" width=\"413\" height=\"65\" srcset=\"https:\/\/www.diamtech.fr\/wp-content\/uploads\/2020\/10\/materiaux-mmo101.jpg 470w, https:\/\/www.diamtech.fr\/wp-content\/uploads\/2020\/10\/materiaux-mmo101-300x47.jpg 300w\" sizes=\"(max-width: 413px) 100vw, 413px\" \/><img loading=\"lazy\" decoding=\"async\" class=\"wp-image-514 aligncenter\" src=\"https:\/\/www.diamtech.fr\/wp-content\/uploads\/2020\/10\/detail-photo-produit-mmo101.jpg\" alt=\"\" width=\"324\" height=\"106\" srcset=\"https:\/\/www.diamtech.fr\/wp-content\/uploads\/2020\/10\/detail-photo-produit-mmo101.jpg 379w, https:\/\/www.diamtech.fr\/wp-content\/uploads\/2020\/10\/detail-photo-produit-mmo101-300x98.jpg 300w\" sizes=\"(max-width: 324px) 100vw, 324px\" \/><\/p>\n<p><img loading=\"lazy\" decoding=\"async\" class=\"wp-image-2517 aligncenter\" src=\"https:\/\/www.diamtech.fr\/wp-content\/uploads\/2020\/10\/Meche-DIA-MMO-101.png\" alt=\"\" width=\"801\" height=\"649\" srcset=\"https:\/\/www.diamtech.fr\/wp-content\/uploads\/2020\/10\/Meche-DIA-MMO-101.png 801w, https:\/\/www.diamtech.fr\/wp-content\/uploads\/2020\/10\/Meche-DIA-MMO-101-480x389.png 480w\" sizes=\"(min-width: 0px) and (max-width: 480px) 480px, (min-width: 481px) 801px, 100vw\" \/><\/p>\n","protected":false},"excerpt":{"rendered":"<p>MECHE DIAMANT\u00a0 HELICO\u00cfDALE Z 1+1 COUPE SUR 3 DIVISIONS Ht plaquettes 2,5mm (aff\u00fbtable 2 \u00e0 3 fois). M\u00e8che Diamant Z1 + 1, plaquettes diamant \u00e9conomique H 2,5 mm r\u00e9aff\u00fbtable 3 fois maximum. 3 divisions en h\u00e9lice, premi\u00e8re plaquette positive, le reste n\u00e9gatif. Plaquette de per\u00e7age HM et corps acier.<\/p>\n","protected":false},"featured_media":520,"template":"","meta":{"_et_pb_use_builder":"off","_et_pb_old_content":"<u><b><i>MECHE<\/i><\/b><\/u><u><b><i> DIAMANT\u00a0 HELICO\u00cfDALE Z 1+1 COUPE SUR 3 DIVISIONS<\/i><\/b><\/u>\r\n\r\n<i>Ht<\/i><i> plaquettes 2,5 mm (aff\u00fbtable 2 \u00e0 3 fois).<\/i>\r\n\r\n<i>M\u00e8che Diamant Z1 + 1, plaquettes diamant \u00e9conomique H 2,5 mm r\u00e9aff\u00fbtable 3 fois maximum. 3 divisions en h\u00e9lice, premi\u00e8re plaquette positive, le reste n\u00e9gatif. Plaquette de per\u00e7age HM et corps acier.<\/i>\r\n\r\n<img class=\"size-full wp-image-512 alignleft\" src=\"https:\/\/www.diamtech.fr\/wp-content\/uploads\/2020\/10\/picto-caracteristiques-mmo101.jpg\" alt=\"\" width=\"852\" height=\"73\" \/>\r\n\r\n\u00a0\r\n\r\n\u00a0\r\n\r\n<img class=\"size-full wp-image-513 alignleft\" src=\"https:\/\/www.diamtech.fr\/wp-content\/uploads\/2020\/10\/materiaux-mmo101.jpg\" alt=\"\" width=\"470\" height=\"74\" \/>\r\n\r\n\u00a0\r\n\r\n\u00a0\r\n\r\n<img class=\"size-full wp-image-514 alignleft\" src=\"https:\/\/www.diamtech.fr\/wp-content\/uploads\/2020\/10\/detail-photo-produit-mmo101.jpg\" alt=\"\" width=\"379\" height=\"124\" \/>\r\n\r\n\u00a0\r\n\r\n\u00a0\r\n\r\n\u00a0\r\n<table style=\"width: 946px\">\r\n<tbody>\r\n<tr>\r\n<td style=\"width: 157px\"><b>R\u00e9f Rot\u00a0 Droite<\/b><\/td>\r\n<td style=\"width: 144px\"><b>R\u00e9f Rot\u00a0 Gauche<\/b><\/td>\r\n<td style=\"width: 28px\"><b>\u00d8<\/b><\/td>\r\n<td style=\"width: 25px\"><b>Lu<\/b><\/td>\r\n<td style=\"width: 49px\"><b>DS\/LS<\/b><\/td>\r\n<td style=\"width: 41px\"><b>Lt<\/b><\/td>\r\n<td style=\"width: 50px\"><b>A <\/b><b>Ass<\/b><\/td>\r\n<td style=\"width: 38px\"><b>Div<\/b><\/td>\r\n<td style=\"width: 98px\"><b>Z <\/b><b>Tot<\/b><\/td>\r\n<td style=\"width: 44px\"><b>H<\/b><\/td>\r\n<td style=\"width: 86px\"><img class=\"aligncenter size-full wp-image-534\" src=\"https:\/\/www.diamtech.fr\/wp-content\/uploads\/2020\/10\/Sans-titre-4.jpg\" alt=\"\" width=\"49\" height=\"17\" \/><\/td>\r\n<td style=\"width: 110px\"><img class=\"aligncenter size-full wp-image-535\" src=\"https:\/\/www.diamtech.fr\/wp-content\/uploads\/2020\/10\/Sans-titre-5.jpg\" alt=\"\" width=\"35\" height=\"25\" \/><\/td>\r\n<\/tr>\r\n<tr>\r\n<td style=\"width: 157px\"><b>MMO\u00a0 101.1234.12.R<\/b><\/td>\r\n<td style=\"width: 144px\"><b>MMO 101.1234.12.L<\/b><\/td>\r\n<td style=\"width: 28px\">12<\/td>\r\n<td style=\"width: 25px\">34<\/td>\r\n<td style=\"width: 49px\">12x40<\/td>\r\n<td style=\"width: 41px\">84<\/td>\r\n<td style=\"width: 50px\">10\u00b0<\/td>\r\n<td style=\"width: 38px\">3<\/td>\r\n<td style=\"width: 98px\">4DP + 1DP<\/td>\r\n<td style=\"width: 44px\">2.5<\/td>\r\n<td style=\"width: 86px\">5 ml\/1\u2019<\/td>\r\n<td style=\"width: 110px\">14.000<\/td>\r\n<\/tr>\r\n<tr>\r\n<td style=\"width: 157px\"><b>MMO\u00a0 101.1627.16.R<\/b><\/td>\r\n<td style=\"width: 144px\"><b>MMO 101.1627.16.L<\/b><\/td>\r\n<td style=\"width: 28px\">16<\/td>\r\n<td style=\"width: 25px\">27<\/td>\r\n<td style=\"width: 49px\">16x50<\/td>\r\n<td style=\"width: 41px\">85<\/td>\r\n<td style=\"width: 50px\">20\u00b0<\/td>\r\n<td style=\"width: 38px\">3<\/td>\r\n<td style=\"width: 98px\">3DP + 1DP<\/td>\r\n<td style=\"width: 44px\">2.5<\/td>\r\n<td style=\"width: 86px\">5 ml\/1\u2019<\/td>\r\n<td style=\"width: 110px\">18.000\/24 000<\/td>\r\n<\/tr>\r\n<tr>\r\n<td style=\"width: 157px\"><b>MMO\u00a0 101.1634.16.R<\/b><\/td>\r\n<td style=\"width: 144px\"><b>MMO 101.1634.16.L<\/b><\/td>\r\n<td style=\"width: 28px\">16<\/td>\r\n<td style=\"width: 25px\">27<\/td>\r\n<td style=\"width: 49px\">16x50<\/td>\r\n<td style=\"width: 41px\">94<\/td>\r\n<td style=\"width: 50px\">20\u00b0<\/td>\r\n<td style=\"width: 38px\">3<\/td>\r\n<td style=\"width: 98px\">4DP + 1DP<\/td>\r\n<td style=\"width: 44px\">2.5<\/td>\r\n<td style=\"width: 86px\">5 ml\/1\u2019<\/td>\r\n<td style=\"width: 110px\">18.000\/24 000<\/td>\r\n<\/tr>\r\n<tr>\r\n<td style=\"width: 157px\"><b>MMO\u00a0 101.1643.16.R<\/b><\/td>\r\n<td style=\"width: 144px\"><b>MMO 101.1643.16.L<\/b><\/td>\r\n<td style=\"width: 28px\">16<\/td>\r\n<td style=\"width: 25px\">27<\/td>\r\n<td style=\"width: 49px\">16x50<\/td>\r\n<td style=\"width: 41px\">103<\/td>\r\n<td style=\"width: 50px\">20\u00b0<\/td>\r\n<td style=\"width: 38px\">3<\/td>\r\n<td style=\"width: 98px\">5DP + 1DP<\/td>\r\n<td style=\"width: 44px\">2.5<\/td>\r\n<td style=\"width: 86px\">5 ml\/1\u2019<\/td>\r\n<td style=\"width: 110px\">18.000\/24 000<\/td>\r\n<\/tr>\r\n<tr>\r\n<td style=\"width: 157px\"><b>MMO\u00a0 101.1827.20.R<\/b><\/td>\r\n<td style=\"width: 144px\"><b>MMO 101.1827.20.L<\/b><\/td>\r\n<td style=\"width: 28px\">18<\/td>\r\n<td style=\"width: 25px\">27<\/td>\r\n<td style=\"width: 49px\">20x50<\/td>\r\n<td style=\"width: 41px\">85<\/td>\r\n<td style=\"width: 50px\">20\u00b0<\/td>\r\n<td style=\"width: 38px\">3<\/td>\r\n<td style=\"width: 98px\">3DP + 1DP<\/td>\r\n<td style=\"width: 44px\">2.5<\/td>\r\n<td style=\"width: 86px\">5 ml\/1\u2019<\/td>\r\n<td style=\"width: 110px\">18.000\/24 000<\/td>\r\n<\/tr>\r\n<tr>\r\n<td style=\"width: 157px\"><b>MMO\u00a0 101.1843.20.R<\/b><\/td>\r\n<td style=\"width: 144px\"><b>MMO 101.1843.20.L<\/b><\/td>\r\n<td style=\"width: 28px\">18<\/td>\r\n<td style=\"width: 25px\">43<\/td>\r\n<td style=\"width: 49px\">20x50<\/td>\r\n<td style=\"width: 41px\">103<\/td>\r\n<td style=\"width: 50px\">20\u00b0<\/td>\r\n<td style=\"width: 38px\">3<\/td>\r\n<td style=\"width: 98px\">5DP + 1DP<\/td>\r\n<td style=\"width: 44px\">2.5<\/td>\r\n<td style=\"width: 86px\">5 ml\/1\u2019<\/td>\r\n<td style=\"width: 110px\">18.000\/24 000<\/td>\r\n<\/tr>\r\n<tr>\r\n<td style=\"width: 157px\"><b>MMO\u00a0 101.2035.20.R<\/b><\/td>\r\n<td style=\"width: 144px\"><b>MMO 101.2035.20.L<\/b><\/td>\r\n<td style=\"width: 28px\">20<\/td>\r\n<td style=\"width: 25px\">35<\/td>\r\n<td style=\"width: 49px\">20x50<\/td>\r\n<td style=\"width: 41px\">95<\/td>\r\n<td style=\"width: 50px\">20\u00b0<\/td>\r\n<td style=\"width: 38px\">3<\/td>\r\n<td style=\"width: 98px\">4DP + 1DP<\/td>\r\n<td style=\"width: 44px\">2.5<\/td>\r\n<td style=\"width: 86px\">5 ml\/1\u2019<\/td>\r\n<td style=\"width: 110px\">18.000\/24 000<\/td>\r\n<\/tr>\r\n<tr>\r\n<td style=\"width: 157px\"><b>MMO\u00a0 101.2043.20.R<\/b><\/td>\r\n<td style=\"width: 144px\"><b>MMO 101.2043.20.L<\/b><\/td>\r\n<td style=\"width: 28px\">20<\/td>\r\n<td style=\"width: 25px\">43<\/td>\r\n<td style=\"width: 49px\">20x50<\/td>\r\n<td style=\"width: 41px\">103<\/td>\r\n<td style=\"width: 50px\">20\u00b0<\/td>\r\n<td style=\"width: 38px\">3<\/td>\r\n<td style=\"width: 98px\">5DP + 1DP<\/td>\r\n<td style=\"width: 44px\">2.5<\/td>\r\n<td style=\"width: 86px\">5 ml\/1\u2019<\/td>\r\n<td style=\"width: 110px\">18.000\/24 000<\/td>\r\n<\/tr>\r\n<tr>\r\n<td style=\"width: 157px\"><b>MMO\u00a0 101.2052.20.R<\/b><\/td>\r\n<td style=\"width: 144px\"><b>MMO 101.2052.20.L<\/b><\/td>\r\n<td style=\"width: 28px\">20<\/td>\r\n<td style=\"width: 25px\">52<\/td>\r\n<td style=\"width: 49px\">20x50<\/td>\r\n<td style=\"width: 41px\">112<\/td>\r\n<td style=\"width: 50px\">20\u00b0<\/td>\r\n<td style=\"width: 38px\">3<\/td>\r\n<td style=\"width: 98px\">6DP + 1DP<\/td>\r\n<td style=\"width: 44px\">2.5<\/td>\r\n<td style=\"width: 86px\">5 ml\/1\u2019<\/td>\r\n<td style=\"width: 110px\">18.000\/24 000<\/td>\r\n<\/tr>\r\n<\/tbody>\r\n<\/table>\r\n\u00a0\r\n\r\n<span style=\"font-size: 20px;color: #ff0000\"><b>Nota: les m\u00e8ches en rotation gauche ne sont pas en stock, elles sont disponibles sur commande uniquement.<\/b><\/span>\r\n\r\n\u00a0\r\n\r\n<span style=\"color: #1e68cb\"><strong>Coupe en bout DIA r\u00e9f : MMO 131 (exemple : MMO 101.1027.12.R coupe en bout DIA = MMO 131.1027.12.R)<\/strong><\/span>","_et_gb_content_width":""},"product_cat":[93],"product_tag":[],"_links":{"self":[{"href":"https:\/\/www.diamtech.fr\/index.php\/wp-json\/wp\/v2\/product\/511"}],"collection":[{"href":"https:\/\/www.diamtech.fr\/index.php\/wp-json\/wp\/v2\/product"}],"about":[{"href":"https:\/\/www.diamtech.fr\/index.php\/wp-json\/wp\/v2\/types\/product"}],"wp:featuredmedia":[{"embeddable":true,"href":"https:\/\/www.diamtech.fr\/index.php\/wp-json\/wp\/v2\/media\/520"}],"wp:attachment":[{"href":"https:\/\/www.diamtech.fr\/index.php\/wp-json\/wp\/v2\/media?parent=511"}],"wp:term":[{"taxonomy":"product_cat","embeddable":true,"href":"https:\/\/www.diamtech.fr\/index.php\/wp-json\/wp\/v2\/product_cat?post=511"},{"taxonomy":"product_tag","embeddable":true,"href":"https:\/\/www.diamtech.fr\/index.php\/wp-json\/wp\/v2\/product_tag?post=511"}],"curies":[{"name":"wp","href":"https:\/\/api.w.org\/{rel}","templated":true}]}}