{"id":4054,"date":"2023-10-13T13:32:29","date_gmt":"2023-10-13T11:32:29","guid":{"rendered":"https:\/\/www.diamtech.fr\/?post_type=product&#038;p=4054"},"modified":"2024-02-05T15:45:47","modified_gmt":"2024-02-05T14:45:47","slug":"meche-nesting-dia-z2-coupes-fragmentees-mmo-108","status":"publish","type":"product","link":"https:\/\/www.diamtech.fr\/index.php\/produit\/meche-nesting-dia-z2-coupes-fragmentees-mmo-108\/","title":{"rendered":"M\u00e8che Nesting DIA Z2 coupes fragment\u00e9es &#8211; MMO 108"},"content":{"rendered":"<p style=\"text-align: center\">M\u00e8che en corps TRIAMET adapt\u00e9 pour des usinages tr\u00e8s difficiles, coupe avec angle crois\u00e9. Le grand d\u00e9gagement de copeau permet une vitesse d\u2019avance particuli\u00e8rement \u00e9lev\u00e9e. Coupe en bout DIA pour p\u00e9n\u00e9tration en biais et per\u00e7ages.<\/p>\n<p><img loading=\"lazy\" decoding=\"async\" class=\"alignnone wp-image-4057\" src=\"https:\/\/www.diamtech.fr\/wp-content\/uploads\/2023\/10\/Meche-Nesting-DIA-Z2-coupes-fragmentees-MMO-108-1.png\" alt=\"\" width=\"511\" height=\"115\" srcset=\"https:\/\/www.diamtech.fr\/wp-content\/uploads\/2023\/10\/Meche-Nesting-DIA-Z2-coupes-fragmentees-MMO-108-1.png 511w, https:\/\/www.diamtech.fr\/wp-content\/uploads\/2023\/10\/Meche-Nesting-DIA-Z2-coupes-fragmentees-MMO-108-1-480x108.png 480w\" sizes=\"(min-width: 0px) and (max-width: 480px) 480px, (min-width: 481px) 511px, 100vw\" \/> <img loading=\"lazy\" decoding=\"async\" class=\"wp-image-4055 alignnone\" src=\"https:\/\/www.diamtech.fr\/wp-content\/uploads\/2023\/10\/Meche-Nesting-DIA-Z2-coupes-fragmentees-MMO-108.png\" alt=\"\" width=\"120\" height=\"113\" \/><\/p>\n<p><img loading=\"lazy\" decoding=\"async\" class=\"alignnone size-full wp-image-4056\" src=\"https:\/\/www.diamtech.fr\/wp-content\/uploads\/2023\/10\/Meche-Nesting-DIA-Z2-coupes-fragmentees-MMO-108-2.png\" alt=\"\" width=\"1214\" height=\"106\" srcset=\"https:\/\/www.diamtech.fr\/wp-content\/uploads\/2023\/10\/Meche-Nesting-DIA-Z2-coupes-fragmentees-MMO-108-2.png 1214w, https:\/\/www.diamtech.fr\/wp-content\/uploads\/2023\/10\/Meche-Nesting-DIA-Z2-coupes-fragmentees-MMO-108-2-980x86.png 980w, https:\/\/www.diamtech.fr\/wp-content\/uploads\/2023\/10\/Meche-Nesting-DIA-Z2-coupes-fragmentees-MMO-108-2-480x42.png 480w\" sizes=\"(min-width: 0px) and (max-width: 480px) 480px, (min-width: 481px) and (max-width: 980px) 980px, (min-width: 981px) 1214px, 100vw\" \/><\/p>\n","protected":false},"excerpt":{"rendered":"<p>M\u00e8che en corps TRIAMET adapt\u00e9 pour des usinages tr\u00e8s difficiles, coupe avec angle crois\u00e9. Le grand d\u00e9gagement de copeau permet une vitesse d\u2019avance particuli\u00e8rement \u00e9lev\u00e9e. Coupe en bout DIA pour p\u00e9n\u00e9tration en biais et per\u00e7ages.<\/p>\n","protected":false},"featured_media":4055,"template":"","meta":{"_et_pb_use_builder":"","_et_pb_old_content":"","_et_gb_content_width":""},"product_cat":[126],"product_tag":[],"_links":{"self":[{"href":"https:\/\/www.diamtech.fr\/index.php\/wp-json\/wp\/v2\/product\/4054"}],"collection":[{"href":"https:\/\/www.diamtech.fr\/index.php\/wp-json\/wp\/v2\/product"}],"about":[{"href":"https:\/\/www.diamtech.fr\/index.php\/wp-json\/wp\/v2\/types\/product"}],"wp:featuredmedia":[{"embeddable":true,"href":"https:\/\/www.diamtech.fr\/index.php\/wp-json\/wp\/v2\/media\/4055"}],"wp:attachment":[{"href":"https:\/\/www.diamtech.fr\/index.php\/wp-json\/wp\/v2\/media?parent=4054"}],"wp:term":[{"taxonomy":"product_cat","embeddable":true,"href":"https:\/\/www.diamtech.fr\/index.php\/wp-json\/wp\/v2\/product_cat?post=4054"},{"taxonomy":"product_tag","embeddable":true,"href":"https:\/\/www.diamtech.fr\/index.php\/wp-json\/wp\/v2\/product_tag?post=4054"}],"curies":[{"name":"wp","href":"https:\/\/api.w.org\/{rel}","templated":true}]}}