{"id":4031,"date":"2023-10-13T13:40:27","date_gmt":"2023-10-13T11:40:27","guid":{"rendered":"https:\/\/www.diamtech.fr\/?post_type=product&#038;p=4031"},"modified":"2024-02-05T15:40:43","modified_gmt":"2024-02-05T14:40:43","slug":"meche-nesting-dia-z1-1-mmo-117","status":"publish","type":"product","link":"https:\/\/www.diamtech.fr\/index.php\/produit\/meche-nesting-dia-z1-1-mmo-117\/","title":{"rendered":"M\u00e8che Nesting DIA Z1 + 1 &#8211; MMO 117"},"content":{"rendered":"<p>M\u00e8che en corps TRIAMET adapt\u00e9 pour des usinages tr\u00e8s difficiles, coupe avec angle crois\u00e9.<br \/>\nLe grand d\u00e9gagement de copeau permet une vitesse d\u2019avance particuli\u00e8rement \u00e9lev\u00e9e.<br \/>\nCoupe en bout DIA pour p\u00e9n\u00e9tration en biais et per\u00e7ages.<\/p>\n<p><img loading=\"lazy\" decoding=\"async\" class=\"wp-image-4034 alignleft\" src=\"https:\/\/www.diamtech.fr\/wp-content\/uploads\/2023\/09\/Meche-Nesting-DIA-Z11-MMO-117-1.png\" alt=\"\" width=\"455\" height=\"112\" \/><img loading=\"lazy\" decoding=\"async\" class=\"wp-image-4033 alignright\" src=\"https:\/\/www.diamtech.fr\/wp-content\/uploads\/2023\/09\/Meche-Nesting-DIA-Z11-MMO-117.png\" alt=\"\" width=\"304\" height=\"112\" \/> \u00a0<img loading=\"lazy\" decoding=\"async\" class=\"alignnone size-full wp-image-4035\" src=\"https:\/\/www.diamtech.fr\/wp-content\/uploads\/2023\/09\/Meche-Nesting-DIA-Z11-MMO-117-2.png\" alt=\"\" width=\"1425\" height=\"640\" srcset=\"https:\/\/www.diamtech.fr\/wp-content\/uploads\/2023\/09\/Meche-Nesting-DIA-Z11-MMO-117-2.png 1425w, https:\/\/www.diamtech.fr\/wp-content\/uploads\/2023\/09\/Meche-Nesting-DIA-Z11-MMO-117-2-1280x575.png 1280w, https:\/\/www.diamtech.fr\/wp-content\/uploads\/2023\/09\/Meche-Nesting-DIA-Z11-MMO-117-2-980x440.png 980w, https:\/\/www.diamtech.fr\/wp-content\/uploads\/2023\/09\/Meche-Nesting-DIA-Z11-MMO-117-2-480x216.png 480w\" sizes=\"(min-width: 0px) and (max-width: 480px) 480px, (min-width: 481px) and (max-width: 980px) 980px, (min-width: 981px) and (max-width: 1280px) 1280px, (min-width: 1281px) 1425px, 100vw\" \/><\/p>\n","protected":false},"excerpt":{"rendered":"<p>M\u00e8che en corps TRIAMET adapt\u00e9 pour des usinages tr\u00e8s difficiles, coupe avec angle crois\u00e9. Le grand d\u00e9gagement de copeau permet une vitesse d\u2019avance particuli\u00e8rement \u00e9lev\u00e9e. Coupe en bout DIA pour p\u00e9n\u00e9tration en biais et per\u00e7ages. \u00a0<\/p>\n","protected":false},"featured_media":4036,"template":"","meta":{"_et_pb_use_builder":"","_et_pb_old_content":"","_et_gb_content_width":""},"product_cat":[126],"product_tag":[],"_links":{"self":[{"href":"https:\/\/www.diamtech.fr\/index.php\/wp-json\/wp\/v2\/product\/4031"}],"collection":[{"href":"https:\/\/www.diamtech.fr\/index.php\/wp-json\/wp\/v2\/product"}],"about":[{"href":"https:\/\/www.diamtech.fr\/index.php\/wp-json\/wp\/v2\/types\/product"}],"wp:featuredmedia":[{"embeddable":true,"href":"https:\/\/www.diamtech.fr\/index.php\/wp-json\/wp\/v2\/media\/4036"}],"wp:attachment":[{"href":"https:\/\/www.diamtech.fr\/index.php\/wp-json\/wp\/v2\/media?parent=4031"}],"wp:term":[{"taxonomy":"product_cat","embeddable":true,"href":"https:\/\/www.diamtech.fr\/index.php\/wp-json\/wp\/v2\/product_cat?post=4031"},{"taxonomy":"product_tag","embeddable":true,"href":"https:\/\/www.diamtech.fr\/index.php\/wp-json\/wp\/v2\/product_tag?post=4031"}],"curies":[{"name":"wp","href":"https:\/\/api.w.org\/{rel}","templated":true}]}}